{"id":11,"date":"2025-06-18T19:04:38","date_gmt":"2025-06-18T17:04:38","guid":{"rendered":"https:\/\/callaghanundmonty.trivocum-verlag.de\/?page_id=11"},"modified":"2026-02-18T19:18:08","modified_gmt":"2026-02-18T18:18:08","slug":"ueber","status":"publish","type":"page","link":"https:\/\/callaghanundmonty.trivocum-verlag.de\/?page_id=11","title":{"rendered":"\u00dcber"},"content":{"rendered":"\n<p><strong>Die Buchreihe: \u00dcber Callaghan &amp; Monty<\/strong><\/p>\n\n\n\n<p>Willkommen auf der Kanalinsel Jersey \u2013 dort, wo alte G\u00e4rten dunkle Geheimnisse bergen, Hunde mehr verstehen als Menschen, und ein pensionierter DCI seinem letzten Fall nie ganz entkommt.<\/p>\n\n\n\n<p class=\"has-text-align-left\"><p><img decoding=\"async\" class=\"wp-image-121 alignleft\" \"wp-image-166\"=\"\" style=\"width: 150px;\" src=\"http:\/\/callaghanundmonty.trivocum-verlag.de\/wp-content\/uploads\/2026\/02\/Harold-Callaghan.jpg\" alt=\"\"><strong>Harold Callaghan<\/strong> ist britisch bis auf die Knorpel. Ein pensionierter Ermittler mit trockenem Humor, scharfem Blick \u2013 und einem kleinen Spleen f\u00fcr klassische Musik, Earl Grey und kryptische R\u00e4tsel. Doch sein treuester Partner h\u00f6rt nicht auf Nachnamen, sondern auf das leiseste Rascheln im Wind:<\/p><\/p>\n\n\n\n<p><strong>Monty<\/strong>, der Border Collie mit dem kriminalistischen Instinkt eines Poirot, der Sp\u00fcrnase einer Legende \u2013 und der stoischen Ruhe eines Zen-Meisters. Eine Leserin sagte:<\/p>\n\n\n\n<blockquote class=\"wp-block-quote is-layout-flow wp-block-quote-is-layout-flow\">\n<p><em>\u201eIch liebe Monty. Der Hund ist das Highlight des Romans.\u201c<\/em><br>Ganz recht: <strong>Lassie war ein Collie \u2013 Monty ist ein Border Collie.<\/strong><\/p>\n<\/blockquote>\n\n\n\n<p><img decoding=\"async\" class=\"wp-image-121 alignleft\" style=\"width: 150px;\" src=\"http:\/\/callaghanundmonty.trivocum-verlag.de\/wp-content\/uploads\/2026\/02\/Fenella-Bright.jpg\" alt=\"\">An Callaghans Seite steht zudem die ebenso kluge wie respektlose <strong>Fenella Bright<\/strong>, deren weiblicher Scharfsinn und geerdete Intelligenz selbst dem stoischen Harold die Stirn bieten. Und mit <strong>Detective Constable Mary \u201eBlary\u201c Finch<\/strong>, die mehr wei\u00df, als sie sagt, wird das Trio zur schlagkr\u00e4ftigsten Ermittlereinheit seit Miss Marple, Watson &amp; den drei?.<\/p>\n\n\n\n<p><img decoding=\"async\" img class=\"wp-image-121 alignleft\" style=\"width: 150px;\" src=\"http:\/\/callaghanundmonty.trivocum-verlag.de\/wp-content\/uploads\/2026\/02\/Mary-Finch.jpg\" alt=\"\">Gemeinsam decken sie auf, was besser begraben bliebe \u2013 und heben den Schleier \u00fcber einer Geschichte, die weit in die koloniale Vergangenheit zur\u00fcckreicht.<\/p>\n\n\n\n<p>Jeder Band der Reihe verbindet Spannung mit Charme, britischen Lokalkolorit mit zeitlosen Fragen nach Schuld, Wahrheit und Erl\u00f6sung. Perfekt f\u00fcr alle, die Agatha Christie lieben, aber gern einen Hund an ihrer Seite w\u00fcnschen.<\/p>\n","protected":false},"excerpt":{"rendered":"<p>Die Buchreihe: \u00dcber Callaghan &amp; Monty Willkommen auf der Kanalinsel Jersey \u2013 dort, wo alte G\u00e4rten dunkle Geheimnisse bergen, Hunde mehr verstehen als Menschen, und ein pensionierter DCI seinem letzten Fall nie ganz entkommt. Harold Callaghan ist britisch bis auf die Knorpel. Ein pensionierter Ermittler mit trockenem Humor, scharfem Blick \u2013 und einem kleinen Spleen &hellip; <\/p>\n<p class=\"link-more\"><a href=\"https:\/\/callaghanundmonty.trivocum-verlag.de\/?page_id=11\" class=\"more-link\"><span class=\"screen-reader-text\">\u201e\u00dcber\u201c<\/span> weiterlesen<\/a><\/p>\n","protected":false},"author":1,"featured_media":69,"parent":0,"menu_order":0,"comment_status":"closed","ping_status":"closed","template":"","meta":{"footnotes":""},"class_list":["post-11","page","type-page","status-publish","has-post-thumbnail","hentry"],"_links":{"self":[{"href":"https:\/\/callaghanundmonty.trivocum-verlag.de\/index.php?rest_route=\/wp\/v2\/pages\/11","targetHints":{"allow":["GET"]}}],"collection":[{"href":"https:\/\/callaghanundmonty.trivocum-verlag.de\/index.php?rest_route=\/wp\/v2\/pages"}],"about":[{"href":"https:\/\/callaghanundmonty.trivocum-verlag.de\/index.php?rest_route=\/wp\/v2\/types\/page"}],"author":[{"embeddable":true,"href":"https:\/\/callaghanundmonty.trivocum-verlag.de\/index.php?rest_route=\/wp\/v2\/users\/1"}],"replies":[{"embeddable":true,"href":"https:\/\/callaghanundmonty.trivocum-verlag.de\/index.php?rest_route=%2Fwp%2Fv2%2Fcomments&post=11"}],"version-history":[{"count":7,"href":"https:\/\/callaghanundmonty.trivocum-verlag.de\/index.php?rest_route=\/wp\/v2\/pages\/11\/revisions"}],"predecessor-version":[{"id":169,"href":"https:\/\/callaghanundmonty.trivocum-verlag.de\/index.php?rest_route=\/wp\/v2\/pages\/11\/revisions\/169"}],"wp:featuredmedia":[{"embeddable":true,"href":"https:\/\/callaghanundmonty.trivocum-verlag.de\/index.php?rest_route=\/wp\/v2\/media\/69"}],"wp:attachment":[{"href":"https:\/\/callaghanundmonty.trivocum-verlag.de\/index.php?rest_route=%2Fwp%2Fv2%2Fmedia&parent=11"}],"curies":[{"name":"wp","href":"https:\/\/api.w.org\/{rel}","templated":true}]}}