{"id":152,"date":"2026-02-06T13:39:35","date_gmt":"2026-02-06T12:39:35","guid":{"rendered":"https:\/\/callaghanundmonty.trivocum-verlag.de\/?page_id=152"},"modified":"2026-02-06T13:39:35","modified_gmt":"2026-02-06T12:39:35","slug":"band-2-die-muschelchroniken","status":"publish","type":"page","link":"https:\/\/callaghanundmonty.trivocum-verlag.de\/?page_id=152","title":{"rendered":"Band 2: Die Muschelchroniken"},"content":{"rendered":"\n<p><strong>Auf Jersey erz\u00e4hlt das Meer nicht nur von Sturm und Salz \u2013 sondern auch von Geschichten, die man lieber vergessen w\u00fcrde.<\/strong><br><br><\/p>\n\n\n<div class=\"wp-block-image\">\n<figure class=\"alignleft size-large is-resized\"><img loading=\"lazy\" decoding=\"async\" width=\"640\" height=\"1024\" src=\"https:\/\/callaghanundmonty.trivocum-verlag.de\/wp-content\/uploads\/2026\/02\/Callaghan-Monty-Muschel-E-640x1024.jpg\" alt=\"\" class=\"wp-image-155\" style=\"width:204px;height:auto\" srcset=\"https:\/\/callaghanundmonty.trivocum-verlag.de\/wp-content\/uploads\/2026\/02\/Callaghan-Monty-Muschel-E-640x1024.jpg 640w, https:\/\/callaghanundmonty.trivocum-verlag.de\/wp-content\/uploads\/2026\/02\/Callaghan-Monty-Muschel-E-188x300.jpg 188w, https:\/\/callaghanundmonty.trivocum-verlag.de\/wp-content\/uploads\/2026\/02\/Callaghan-Monty-Muschel-E.jpg 750w\" sizes=\"auto, (max-width: 640px) 100vw, 640px\" \/><\/figure>\n<\/div>\n\n\n<p>Cordelia Seabrook starb einsam in ihrem kleinen Cottage. F\u00fcr viele Inselbewohner war sie jahrzehntelang nur die \u201eJerry-Bag\u201c: eine Frau, \u00fcber die man tuschelte, weil sie im Krieg mit den falschen Leuten verkehrt haben soll. Man gr\u00fc\u00dfte knapp. Man mied das Thema. Man lie\u00df sie allein.<br><br>Doch als die junge Meeresbiologin Sophie Trelawney pl\u00f6tzlich verschwindet, bekommt das alte Ger\u00fccht Z\u00e4hne. Und als am Strand ein geheimnisvoller Geiger auftaucht \u2013 eine melancholische Gestalt, die spielt, als wollte sie die Gezeiten selbst beschw\u00f6ren \u2013, ahnt Harold Callaghan: Auf dieser Insel ist manches nicht Vergangenheit, sondern ein sorgf\u00e4ltig zugedeckter Riss.<br>Callaghan, pensionierter DCI mit scharfem Blick und trockenem Humor, und sein Border Collie Monty \u2013 klug, wachsam und manchmal irritierend treffsicher \u2013 nehmen die F\u00e4hrte auf. An ihrer Seite: Fenella Bright, hyperintelligente Biolehrerin mit angeborenem Crime-Instinkt, und Mary \u201eBlary\u201c Finch, Sergeant der Jersey Police, deren moralischer Kompass auch dann nicht zittert, wenn alle anderen l\u00e4ngst wegschauen.<br><br><em>Eine seltsame Muschelsammlung, merkw\u00fcrdige Notizen, kleine Widerspr\u00fcche in gro\u00dfen Erz\u00e4hlungen: Aus scheinbar harmlosen Fundst\u00fccken formt sich ein Fall, der tiefer geht als das n\u00e4chste Watt. Zwischen D\u00fcnen, Teestuben und windgepeitschten Klippen entdecken Callaghan &amp; Monty, dass Wahrheit auf Jersey selten laut daherkommt. Manchmal fl\u00fcstert sie nur \u2013 und wartet darauf, endlich geh\u00f6rt zu werden.<\/em><br><br><strong>Ein warmherziger Cozy Crime \u00fcber Erinnerung, Loyalit\u00e4t und die stille Kraft, Unrecht nicht einfach stehen zu lassen.<\/strong><\/p>\n\n\n\n<figure class=\"wp-block-embed is-type-rich is-provider-amazon wp-block-embed-amazon\"><div class=\"wp-block-embed__wrapper\">\n<iframe loading=\"lazy\" title=\"Callaghan &amp; Monty - Die Muschelchroniken: Ein Jersey Krimi - Zweiter Roman der Callaghan &amp; Monty Reihe (Callaghan &amp; Monty - Die Jersey Krimis 2)\" type=\"text\/html\" width=\"525\" height=\"550\" frameborder=\"0\" allowfullscreen style=\"max-width:100%\" src=\"https:\/\/lesen.amazon.de\/kp\/card?preview=inline&#038;linkCode=kpd&#038;ref_=k4w_oembed_2KWVN1NzrCeOe6&#038;asin=B0G7LSL6Q2&#038;tag=kpembed-20\"><\/iframe>\n<\/div><\/figure>\n","protected":false},"excerpt":{"rendered":"<p>Auf Jersey erz\u00e4hlt das Meer nicht nur von Sturm und Salz \u2013 sondern auch von Geschichten, die man lieber vergessen w\u00fcrde. Cordelia Seabrook starb einsam in ihrem kleinen Cottage. F\u00fcr viele Inselbewohner war sie jahrzehntelang nur die \u201eJerry-Bag\u201c: eine Frau, \u00fcber die man tuschelte, weil sie im Krieg mit den falschen Leuten verkehrt haben soll. &hellip; <\/p>\n<p class=\"link-more\"><a href=\"https:\/\/callaghanundmonty.trivocum-verlag.de\/?page_id=152\" class=\"more-link\"><span class=\"screen-reader-text\">\u201eBand 2: Die Muschelchroniken\u201c<\/span> weiterlesen<\/a><\/p>\n","protected":false},"author":1,"featured_media":154,"parent":0,"menu_order":0,"comment_status":"closed","ping_status":"closed","template":"","meta":{"footnotes":""},"class_list":["post-152","page","type-page","status-publish","has-post-thumbnail","hentry"],"_links":{"self":[{"href":"https:\/\/callaghanundmonty.trivocum-verlag.de\/index.php?rest_route=\/wp\/v2\/pages\/152","targetHints":{"allow":["GET"]}}],"collection":[{"href":"https:\/\/callaghanundmonty.trivocum-verlag.de\/index.php?rest_route=\/wp\/v2\/pages"}],"about":[{"href":"https:\/\/callaghanundmonty.trivocum-verlag.de\/index.php?rest_route=\/wp\/v2\/types\/page"}],"author":[{"embeddable":true,"href":"https:\/\/callaghanundmonty.trivocum-verlag.de\/index.php?rest_route=\/wp\/v2\/users\/1"}],"replies":[{"embeddable":true,"href":"https:\/\/callaghanundmonty.trivocum-verlag.de\/index.php?rest_route=%2Fwp%2Fv2%2Fcomments&post=152"}],"version-history":[{"count":3,"href":"https:\/\/callaghanundmonty.trivocum-verlag.de\/index.php?rest_route=\/wp\/v2\/pages\/152\/revisions"}],"predecessor-version":[{"id":157,"href":"https:\/\/callaghanundmonty.trivocum-verlag.de\/index.php?rest_route=\/wp\/v2\/pages\/152\/revisions\/157"}],"wp:featuredmedia":[{"embeddable":true,"href":"https:\/\/callaghanundmonty.trivocum-verlag.de\/index.php?rest_route=\/wp\/v2\/media\/154"}],"wp:attachment":[{"href":"https:\/\/callaghanundmonty.trivocum-verlag.de\/index.php?rest_route=%2Fwp%2Fv2%2Fmedia&parent=152"}],"curies":[{"name":"wp","href":"https:\/\/api.w.org\/{rel}","templated":true}]}}